{"id":1399,"date":"2022-06-30T19:08:27","date_gmt":"2022-06-30T17:08:27","guid":{"rendered":"https:\/\/sct-prod.fr\/?page_id=1399"},"modified":"2022-07-12T18:42:07","modified_gmt":"2022-07-12T16:42:07","slug":"panorama-360","status":"publish","type":"page","link":"https:\/\/sct-prod.fr\/?page_id=1399","title":{"rendered":"Panorama 360\u00b0"},"content":{"rendered":"\n<h2 class=\"has-text-align-center wp-block-heading\">Circuit de L\u00e9denon Gard<\/h2>\n\n\n<div id='ggpkg_container_0_1399' style='width:100%; height:800px; position: relative;'>\nLoading&#8230;\n<\/div>\n<script type='text\/javascript' src='https:\/\/sct-prod.fr\/wp-content\/uploads\/2022\/07\/DJI_0040\/pano2vr_player.js'><\/script>\n<script type='text\/javascript' src='https:\/\/sct-prod.fr\/wp-content\/uploads\/2022\/07\/DJI_0040\/skin.js'><\/script>\n<script type='text\/javascript'>\nwindow.addEventListener('load',function() {\nif  (typeof DJI_0040_pano2vrPlayer != 'undefined') {\n\tpano_0_1399=new DJI_0040_pano2vrPlayer('ggpkg_container_0_1399');\n} else {\n\tpano_0_1399=new pano2vrPlayer('ggpkg_container_0_1399');\n}\nif  (typeof DJI_0040_pano2vrSkin != 'undefined') {\n\tskin_0_1399=new DJI_0040_pano2vrSkin(pano_0_1399, 'https:\/\/sct-prod.fr\/wp-content\/uploads\/2022\/07\/DJI_0040\/');\n} else {\n\tskin_0_1399=new pano2vrSkin(pano_0_1399, 'https:\/\/sct-prod.fr\/wp-content\/uploads\/2022\/07\/DJI_0040\/');\n}\npano_0_1399.readConfigUrlAsync('https:\/\/sct-prod.fr\/wp-content\/uploads\/2022\/07\/DJI_0040\/pano.xml');\nvar contentOverflow = document.getElementById('content') ? document.getElementById('content').style.overflow : '';\npano_0_1399.addListener('fullscreenenter', function() {\n\tif (document.getElementById('content')) {\n\t\tdocument.getElementById('content').style.overflow = 'visible';\n\t}\n});\npano_0_1399.addListener('fullscreenexit', function() {\n\tif (document.getElementById('content')) {\n\t\tdocument.getElementById('content').style.overflow = contentOverflow;\n\t}\n});\n\n});\n<\/script>\n\n\n\n<h2 class=\"has-text-align-center wp-block-heading\">Visite virtuelle Gymnase Boissy st L\u00e9ger<\/h2>\n\n\n<div id='ggpkg_container_1_1399' style='width:100%; height:800px; position: relative;'>\nLoading&#8230;\n<\/div>\n<script type='text\/javascript' src='https:\/\/sct-prod.fr\/wp-content\/uploads\/2022\/07\/Desktop\/pano2vr_player.js'><\/script>\n<script type='text\/javascript' src='https:\/\/sct-prod.fr\/wp-content\/uploads\/2022\/07\/Desktop\/skin.js'><\/script>\n<script type='text\/javascript'>\nwindow.addEventListener('load',function() {\nif  (typeof Desktop_pano2vrPlayer != 'undefined') {\n\tpano_1_1399=new Desktop_pano2vrPlayer('ggpkg_container_1_1399');\n} else {\n\tpano_1_1399=new pano2vrPlayer('ggpkg_container_1_1399');\n}\nif  (typeof Desktop_pano2vrSkin != 'undefined') {\n\tskin_1_1399=new Desktop_pano2vrSkin(pano_1_1399, 'https:\/\/sct-prod.fr\/wp-content\/uploads\/2022\/07\/Desktop\/');\n} else {\n\tskin_1_1399=new pano2vrSkin(pano_1_1399, 'https:\/\/sct-prod.fr\/wp-content\/uploads\/2022\/07\/Desktop\/');\n}\npano_1_1399.readConfigUrlAsync('https:\/\/sct-prod.fr\/wp-content\/uploads\/2022\/07\/Desktop\/pano.xml');\nvar contentOverflow = document.getElementById('content') ? document.getElementById('content').style.overflow : '';\npano_1_1399.addListener('fullscreenenter', function() {\n\tif (document.getElementById('content')) {\n\t\tdocument.getElementById('content').style.overflow = 'visible';\n\t}\n});\npano_1_1399.addListener('fullscreenexit', function() {\n\tif (document.getElementById('content')) {\n\t\tdocument.getElementById('content').style.overflow = contentOverflow;\n\t}\n});\n\n});\n<\/script>\n\n\n\n<h2 class=\"has-text-align-center has-large-font-size wp-block-heading\" style=\"font-style:normal;font-weight:900\"><strong>La Grange Oc\u00e9an<\/strong>e<\/h2>\n\n\n<div id='ggpkg_container_2_1399' style='width:100%; height:800px; position: relative;'>\nLoading&#8230;\n<\/div>\n<script type='text\/javascript' src='https:\/\/sct-prod.fr\/wp-content\/uploads\/2022\/07\/PANO0001_pano_equi\/pano2vr_player.js'><\/script>\n<script type='text\/javascript' src='https:\/\/sct-prod.fr\/wp-content\/uploads\/2022\/07\/PANO0001_pano_equi\/skin.js'><\/script>\n<script type='text\/javascript'>\nwindow.addEventListener('load',function() {\nif  (typeof PANO0001_pano_equi_pano2vrPlayer != 'undefined') {\n\tpano_2_1399=new PANO0001_pano_equi_pano2vrPlayer('ggpkg_container_2_1399');\n} else {\n\tpano_2_1399=new pano2vrPlayer('ggpkg_container_2_1399');\n}\nif  (typeof PANO0001_pano_equi_pano2vrSkin != 'undefined') {\n\tskin_2_1399=new PANO0001_pano_equi_pano2vrSkin(pano_2_1399, 'https:\/\/sct-prod.fr\/wp-content\/uploads\/2022\/07\/PANO0001_pano_equi\/');\n} else {\n\tskin_2_1399=new pano2vrSkin(pano_2_1399, 'https:\/\/sct-prod.fr\/wp-content\/uploads\/2022\/07\/PANO0001_pano_equi\/');\n}\npano_2_1399.readConfigUrlAsync('https:\/\/sct-prod.fr\/wp-content\/uploads\/2022\/07\/PANO0001_pano_equi\/pano.xml');\nvar contentOverflow = document.getElementById('content') ? document.getElementById('content').style.overflow : '';\npano_2_1399.addListener('fullscreenenter', function() {\n\tif (document.getElementById('content')) {\n\t\tdocument.getElementById('content').style.overflow = 'visible';\n\t}\n});\npano_2_1399.addListener('fullscreenexit', function() {\n\tif (document.getElementById('content')) {\n\t\tdocument.getElementById('content').style.overflow = contentOverflow;\n\t}\n});\n\n});\n<\/script>\n\n\n\n<h2 class=\"has-text-align-center wp-block-heading\">Am\u00e9nagement Ozoir-La-Ferri\u00e8re<\/h2>\n\n\n<div id='ggpkg_container_3_1399' style='width:100%; height:800px; position: relative;'>\nLoading&#8230;\n<\/div>\n<script type='text\/javascript' src='https:\/\/sct-prod.fr\/wp-content\/uploads\/2022\/07\/PANO0001_pano\/pano2vr_player.js'><\/script>\n<script type='text\/javascript' src='https:\/\/sct-prod.fr\/wp-content\/uploads\/2022\/07\/PANO0001_pano\/skin.js'><\/script>\n<script type='text\/javascript'>\nwindow.addEventListener('load',function() {\nif  (typeof PANO0001_pano_pano2vrPlayer != 'undefined') {\n\tpano_3_1399=new PANO0001_pano_pano2vrPlayer('ggpkg_container_3_1399');\n} else {\n\tpano_3_1399=new pano2vrPlayer('ggpkg_container_3_1399');\n}\nif  (typeof PANO0001_pano_pano2vrSkin != 'undefined') {\n\tskin_3_1399=new PANO0001_pano_pano2vrSkin(pano_3_1399, 'https:\/\/sct-prod.fr\/wp-content\/uploads\/2022\/07\/PANO0001_pano\/');\n} else {\n\tskin_3_1399=new pano2vrSkin(pano_3_1399, 'https:\/\/sct-prod.fr\/wp-content\/uploads\/2022\/07\/PANO0001_pano\/');\n}\npano_3_1399.readConfigUrlAsync('https:\/\/sct-prod.fr\/wp-content\/uploads\/2022\/07\/PANO0001_pano\/pano.xml');\nvar contentOverflow = document.getElementById('content') ? document.getElementById('content').style.overflow : '';\npano_3_1399.addListener('fullscreenenter', function() {\n\tif (document.getElementById('content')) {\n\t\tdocument.getElementById('content').style.overflow = 'visible';\n\t}\n});\npano_3_1399.addListener('fullscreenexit', function() {\n\tif (document.getElementById('content')) {\n\t\tdocument.getElementById('content').style.overflow = contentOverflow;\n\t}\n});\n\n});\n<\/script>\n","protected":false},"excerpt":{"rendered":"<p>Circuit de L\u00e9denon Gard Visite virtuelle Gymnase Boissy st L\u00e9ger La Grange Oc\u00e9ane Am\u00e9nagement Ozoir-La-Ferri\u00e8re<\/p>\n","protected":false},"author":1,"featured_media":0,"parent":0,"menu_order":0,"comment_status":"closed","ping_status":"closed","template":"","meta":{"ngg_post_thumbnail":0,"footnotes":""},"class_list":["post-1399","page","type-page","status-publish","hentry"],"jetpack_sharing_enabled":true,"_links":{"self":[{"href":"https:\/\/sct-prod.fr\/index.php?rest_route=\/wp\/v2\/pages\/1399","targetHints":{"allow":["GET"]}}],"collection":[{"href":"https:\/\/sct-prod.fr\/index.php?rest_route=\/wp\/v2\/pages"}],"about":[{"href":"https:\/\/sct-prod.fr\/index.php?rest_route=\/wp\/v2\/types\/page"}],"author":[{"embeddable":true,"href":"https:\/\/sct-prod.fr\/index.php?rest_route=\/wp\/v2\/users\/1"}],"replies":[{"embeddable":true,"href":"https:\/\/sct-prod.fr\/index.php?rest_route=%2Fwp%2Fv2%2Fcomments&post=1399"}],"version-history":[{"count":14,"href":"https:\/\/sct-prod.fr\/index.php?rest_route=\/wp\/v2\/pages\/1399\/revisions"}],"predecessor-version":[{"id":1720,"href":"https:\/\/sct-prod.fr\/index.php?rest_route=\/wp\/v2\/pages\/1399\/revisions\/1720"}],"wp:attachment":[{"href":"https:\/\/sct-prod.fr\/index.php?rest_route=%2Fwp%2Fv2%2Fmedia&parent=1399"}],"curies":[{"name":"wp","href":"https:\/\/api.w.org\/{rel}","templated":true}]}}